{"id":3,"date":"2022-07-05T15:16:03","date_gmt":"2022-07-05T13:16:03","guid":{"rendered":"http:\/\/hedforall.eu\/dev\/?page_id=3"},"modified":"2023-01-10T13:13:52","modified_gmt":"2023-01-10T12:13:52","slug":"privacy-policy","status":"publish","type":"page","link":"https:\/\/hedforall.eu\/de\/privacy-policy\/","title":{"rendered":"Privacy Policy"},"content":{"rendered":"<p><strong>HEDforALL-Projekt-Website<\/strong><\/p>\n\n\n\n<p><strong>Verordnung (UE) 679\/2016 Allgemeine Datenschutzbestimmungen<\/strong><\/p>\n\n\n\n<hr class=\"wp-block-separator has-alpha-channel-opacity\"\/>\n\n\n\n<p class=\"has-small-font-size\">Die Universit\u00e4t Mazedonien als wissenschaftlicher Koordinator des Erasmus+ HEDforALL-Projekts m\u00f6chte hiermit die Besucher der Website https:\/\/hedforall.eu\/ (nachstehend \"Website\") \u00fcber die geltenden Datenschutzbestimmungen informieren. Die Beachtung des Datenschutzes und der Schutz der Privatsph\u00e4re der Website-Besucher ist uns ein besonderes Anliegen. Bitte lesen Sie die Hinweise zum Datenschutz sorgf\u00e4ltig durch. Diese gelten sowohl beim Zugriff und der Navigation auf unsere\/r Website sowie bei der Nutzung unserer Dienste.<\/p>\n\n\n\n<p class=\"has-small-font-size\">Die Benutzung der Website ist kostenlos und erfordert keine Registrierung. Um auf bestimmte Dienste der Website zuzugreifen (z. B., um Informationen \u00fcber das Kontaktformular anzufordern und sich in die HEDforALL-Mailingliste einzutragen, damit Sie unseren Newsletter erhalten), k\u00f6nnen Sie freiwillig pers\u00f6nlicher Daten angeben (z. B. Ihren Namen und Ihre E-Mail-Adresse). Wenn wir Sie bitten, Ihre personenbezogenen Daten f\u00fcr den Zugang zu diesen Diensten zur Verf\u00fcgung zu stellen, informieren wir Sie stets gem\u00e4\u00df der generellen Datenschutzverordnung (General Data Protection Regulation, im Folgenden GDPR) EU-Verordnung 679\/2016 \u00fcber den Zweck und die Art der Verwendung der Daten sowie \u00fcber Ihr Recht, jederzeit die L\u00f6schung oder Aktualisierung der Daten zu fordern.<\/p>\n\n\n\n<p class=\"has-small-font-size\">In \u00dcbereinstimmung mit der GDPR stellen wir Ihnen die folgenden Informationen zur Verf\u00fcgung.<\/p>\n\n\n\n<ol class=\"wp-block-list\">\n<li><strong>Datenverantwortlicher<\/strong><\/li>\n<\/ol>\n\n\n\n<p class=\"has-small-font-size\">F\u00fcr die Datenverarbeitung ist das Consiglio Nazionale delle Ricerche - Istituto per le Tecnologie Didattiche mit Sitz in Piazzale Aldo Moro, 7 - 00185 Rom, Italien, E-Mail-Adresse: direttore@itd.cnr.it. (nachstehend auch \"CNR-ITD\", die \"Organisation\" oder der \"Datenverantwortliche\") verantwortlich.<\/p>\n\n\n\n<ol class=\"wp-block-list\" start=\"2\">\n<li><strong>Datenschutzbeauftragte<\/strong><\/li>\n<\/ol>\n\n\n\n<p class=\"has-small-font-size\">Der von der Universit\u00e4t Mazedonien gem\u00e4\u00df Artikel 37 der GDPR bestellte Datenschutzbeauftragte ist unter der folgenden E-Mail-Adresse zu erreichen: dpo@cnr.it. Weitere Informationen k\u00f6nnen hier nachgelesen werden: https:\/\/www.cnr.it\/en\/dpo.<\/p>\n\n\n\n<ol class=\"wp-block-list\" start=\"3\">\n<li><strong>Datenverarbeitung<\/strong><\/li>\n<\/ol>\n\n\n\n<p class=\"has-small-font-size\">Die Datenverarbeitung erfolgt durch das CNR-ITD mit Sitz in Piazzale Aldo Moro, 7 - 00185 Rom, Italien, E-Mail-Adresse: direttore@itd.cnr.it. Der Datenschutzbeauftragte des CNR-ITD kann unter folgender E-Mail-Adresse kontaktiert werden: rpd@cnr.it.<\/p>\n\n\n\n<ol class=\"wp-block-list\" start=\"4\">\n<li><strong>Arten der verarbeiteten personenbezogenen Daten<\/strong><\/li>\n<\/ol>\n\n\n\n<p class=\"has-small-font-size\">F\u00fcr den Zugriff auf die Website ist keine Registrierung erforderlich. Es gibt jedoch Dienste auf der Website, f\u00fcr die Sie Ihre Daten angeben m\u00fcssen (z. B. werden Ihre pers\u00f6nlichen Daten m\u00f6glicherweise angefordert, um Ihre Anfragen zu beantworten und Ihnen den Newsletter des Projekts HEDforALL zuzusenden).<\/p>\n\n\n\n<p class=\"has-small-font-size\">In Bezug auf die Daten, die sich auf das Surfen auf der Website beziehen, beachten Sie bitte, dass technische Cookies ausschlie\u00dflich dazu verwendet werden, eine einfachere und schnellere Navigation auf der Website zu erm\u00f6glichen und Analysen\/Statistiken und anonyme Kontrollen \u00fcber die Nutzung der Website durchzuf\u00fchren. Andere Cookies (z. B. Profiling-Cookies und Cookies von Dritten) werden f\u00fcr das ordnungsgem\u00e4\u00dfe Funktionieren der Website nicht verwendet.<\/p>\n\n\n\n<ol class=\"wp-block-list\" start=\"5\">\n<li><strong>Freiwillige Bereitstellung von personenbezogenen Daten<\/strong><\/li>\n<\/ol>\n\n\n\n<p class=\"has-small-font-size\">Die Angabe personenbezogener Daten ist im Allgemeinen freiwillig. Nur in bestimmten F\u00e4llen kann die Nichtbereitstellung personenbezogener Daten dazu f\u00fchren, dass der Zugang zu bestimmten Diensten nicht m\u00f6glich ist und Sie nicht das erhalten, was Sie angefordert haben. Insbesondere ist die Angabe Ihres Namens und Ihrer E-Mail-Adresse erforderlich, um Ihre Anfragen \u00fcber das Kontaktformular (https:\/\/hedforall.eu\/contacts\/) zu beantworten sowie um den Newsletter-Service des Projekts HEDforALL zu abonnieren. Die Nichtbereitstellung dieser Daten kann dazu f\u00fchren, dass CNR-ITD Ihnen den Zugang zu bestimmten Diensten der Website verwehrt. Die erforderlichen Daten sind im Formular zur Datenerfassung angegeben - z. B. mit einem (*) gekennzeichnet.<\/p>\n\n\n\n<ol class=\"wp-block-list\" start=\"6\">\n<li><strong>Zwecke und Rechtsgrundlage der Datenverarbeitung<\/strong><\/li>\n<\/ol>\n\n\n\n<p class=\"has-small-font-size\">Die Daten werden f\u00fcr Zwecke erhoben und verarbeitet, die ausschlie\u00dflich mit der Nutzung der Website und ihrer Dienste zusammenh\u00e4ngen. Die Zwecke der Verarbeitung sind in den spezifischen Datenschutzhinweisen aufgef\u00fchrt, die von der Website bei jeder Datenerhebung bereitgestellt werden. Ihre Daten werden auf der Grundlage Ihrer Anfragen zur Inanspruchnahme der auf der Website angebotenen Dienste verarbeitet (GDPR - Artikel 6, Paragraph 1 a) und b)).<\/p>\n\n\n\n<ol class=\"wp-block-list\" start=\"7\">\n<li><strong>Art und Weise, Dauer der Datenverarbeitung und Kommunikation<\/strong><\/li>\n<\/ol>\n\n\n\n<div class=\"wp-block-group has-global-padding is-layout-constrained wp-block-group-is-layout-constrained\">\n<p class=\"has-small-font-size\">Data may be processed in both electronic and paper form. CNR-ITD guarantees that the personal data provided through the Website will be processed lawfully and properly, in full compliance with applicable legislation, and that the data provided during registration will be kept strictly confidential. All information collected is transmitted through a secure connection to prevent interception by outsiders. We implement security measures to ensure the security of the Website.<\/p>\n\n\n\n<p class=\"has-small-font-size\">Die von den Nutzern zur Verf\u00fcgung gestellten Daten werden f\u00fcr den Zeitraum verarbeitet, der in der zum Zeitpunkt der Datenerfassung bereitgestellten spezifischen Datenschutzerkl\u00e4rung angegeben ist.<\/p>\n\n\n\n<p class=\"has-small-font-size\">Die von den Nutzern bereitgestellten Daten werden verarbeitet und gespeichert, bis die Ziele des HEDforALL-Projekts erreicht sind. Insbesondere werden die personenbezogenen Daten der Nutzer, die verarbeitet und gespeichert werden, innerhalb eines Jahres nach Abschluss des HEDforALL-Projekts gel\u00f6scht. Die Daten werden nicht verbreitet und nur von Personen verarbeitet, die ausdr\u00fccklich zur Verarbeitung erm\u00e4chtigt und von der Universit\u00e4t Mazedonien im Rahmen des HEDforALL-Projekts identifiziert wurden.<\/p>\n\n\n\n<p class=\"has-small-font-size\">CNR-ITD verwaltet die Website und die Dienste der Website. CNR-ITD verarbeitet personenbezogene Daten f\u00fcr Zwecke, die ausschlie\u00dflich mit der Erbringung der Dienstleistungen zusammenh\u00e4ngen.\u202f<\/p>\n<\/div>\n\n\n\n<ol class=\"wp-block-list\" start=\"8\">\n<li><strong>Links zu anderen Websites<\/strong><\/li>\n<\/ol>\n\n\n\n<p class=\"has-small-font-size\">Diese Informationen werden nur f\u00fcr die Website https:\/\/hedforall.eu\/ bereitgestellt und nicht f\u00fcr andere Websites, die \u00fcber einen Link aufgerufen werden k\u00f6nnen. CNR-ITD kann nicht f\u00fcr personenbezogene Daten haftbar gemacht werden, die von Nutzern an externe Parteien oder an mit dieser Website verlinkte Websites \u00fcbermittelt werden.<\/p>\n\n\n\n<ol class=\"wp-block-list\" start=\"9\">\n<li><strong>Ort der Datenverarbeitung<\/strong><\/li>\n<\/ol>\n\n\n\n<p class=\"has-small-font-size\">Die Datenverarbeitung im Zusammenhang mit den von der Website angebotenen Diensten wird wie folgt durchgef\u00fchrt (1) am Sitz von CNR-ITD, wie unter Punkt 1 angegeben, und (2) innerhalb der Europ\u00e4ischen Union durch Unternehmen, die Dienstleistungen im Zusammenhang mit der Verwaltung der Website erbringen.<\/p>\n\n\n\n<ol class=\"wp-block-list\" start=\"10\">\n<li><strong>Rechte der betroffenen Person<\/strong><\/li>\n<\/ol>\n\n\n\n<p class=\"has-small-font-size\">\u00dcber die E-Mail-Adresse info@hedforall.eu kann der Nutzer jederzeit die folgenden Rechte in Anspruch nehmen (GDPR - Artikel 15 bis 22):<\/p>\n\n\n\n<div class=\"wp-block-group has-global-padding is-layout-constrained wp-block-group-is-layout-constrained\">\n<ul class=\"has-small-font-size wp-block-list\">\n<li>Erhalt einer Information dar\u00fcber, ob Sie betreffende personenbezogene Daten verarbeitet werden.<\/li>\n<\/ul>\n\n\n\n<ul class=\"has-small-font-size wp-block-list\">\n<li>Erhalt einer Einsicht zu personenbezogenen Daten die Ihre Person betreffen und zu den in Artikel 15 der Verordnung genannten Informationen.<\/li>\n<\/ul>\n\n\n\n<ul class=\"has-small-font-size wp-block-list\">\n<li>Die unverz\u00fcgliche Berichtigung falscher personenbezogener Daten, die Sie betreffen, oder die Vervollst\u00e4ndigung unvollst\u00e4ndiger personenbezogener Daten.<\/li>\n\n\n\n<li>Die unverz\u00fcgliche L\u00f6schung der Sie betreffenden personenbezogenen Daten.<\/li>\n\n\n\n<li>Erwirkung einer Einschr\u00e4nkung der Verarbeitung der Sie betreffenden personenbezogenen Daten.<\/li>\n\n\n\n<li>Informationen zur Berichtigung, L\u00f6schung oder Einschr\u00e4nkung der Verarbeitung der Sie betreffenden personenbezogenen Daten.<\/li>\n\n\n\n<li>Erhalt der Informationen zu den Sie betreffenden personenbezogenen Daten in einem strukturierten, g\u00e4ngigen und maschinenlesbaren Format.<\/li>\n\n\n\n<li>Sie k\u00f6nnen jederzeit aus Gr\u00fcnden, die sich aus Ihrer besonderen Situation ergeben, Widerspruch gegen die Verarbeitung der Sie betreffenden personenbezogenen Daten einlegen.<\/li>\n<\/ul>\n<\/div>\n\n\n\n<p><strong>Einreichung einer Beschwerde bei der Datenschutzbeh\u00f6rde<\/strong><\/p>\n\n\n\n<p class=\"has-small-font-size\">Sollten Sie der Ansicht sein, dass die Verarbeitung Ihrer Daten gegen die GDPR verst\u00f6\u00dft, k\u00f6nnen Sie eine Beschwerde bei der italienischen Datenschutzbeh\u00f6rde (https:\/\/www.garanteprivacy.it\/web\/garante-privacy-en) oder bei der Datenschutzbeh\u00f6rde des Mitgliedstaates, in dem Sie Ihren gew\u00f6hnlichen Aufenthalt, Ihren Arbeitsplatz oder den Ort des mutma\u00dflichen Versto\u00dfes haben, erheben.<\/p>\n\n\n\n<ol class=\"wp-block-list\" start=\"11\">\n<li><strong>Anwendbares Recht<\/strong><\/li>\n<\/ol>\n\n\n\n<p class=\"has-small-font-size\">Diese Datenschutzrichtlinie unterliegt der EU-Verordnung 2016\/679, die garantiert, dass die Verarbeitung personenbezogener Daten unter Wahrung der Grundrechte und Grundfreiheiten sowie der W\u00fcrde der betroffenen Person in Bezug auf die Privatsph\u00e4re, die pers\u00f6nliche Identit\u00e4t und das Recht auf Schutz personenbezogener Daten erfolgt.<\/p>\n\n\n\n<ol class=\"wp-block-list\" start=\"12\">\n<li><strong>Revisionsklausel<\/strong><\/li>\n<\/ol>\n\n\n\n<p class=\"has-small-font-size\">CNR-ITD beh\u00e4lt sich das Recht vor, die vorliegende Datenschutzerkl\u00e4rung nach eigenem Ermessen ganz oder teilweise zu \u00fcberarbeiten, zu erg\u00e4nzen oder einfach zu aktualisieren, und zwar auf jede beliebige Art und Weise und\/oder zu jedem beliebigen Zeitpunkt ohne Vorank\u00fcndigung, auch zur Ber\u00fccksichtigung von \u00c4nderungen der Gesetze oder Vorschriften zum Schutz personenbezogener Daten. \u00c4nderungen und Aktualisierungen der Datenschutzrichtlinie werden den Nutzern (1) per E-Mail an die registrierten Nutzer oder (2) durch Ver\u00f6ffentlichung auf der Homepage der Website mitgeteilt. Jede \u00c4nderung ist ab dem Zeitpunkt ihrer Ver\u00f6ffentlichung oder Mitteilung verbindlich. Bitte besuchen Sie diesen Abschnitt regelm\u00e4\u00dfig, um sich \u00fcber Aktualisierungen der Datenschutzpolitik zu informieren oder \u00fcberpr\u00fcfen Sie Ihre E-Mails.<\/p>","protected":false},"excerpt":{"rendered":"<p>HEDforALL project website Regulation (UE) 679\/2016 General Data Protection Regulations University of Macedonia, as scientific coordinator of the Erasmus+ HEDforALL project, hereby wishes to inform visitors to the https:\/\/hedforall.eu\/ website (hereinafter the \u201cWebsite\u201d) of its personal data protection policy, emphasizing its commitment and attention to protecting the privacy of Website visitors. Please carefully read this&hellip;<\/p>","protected":false},"author":1,"featured_media":0,"parent":0,"menu_order":0,"comment_status":"closed","ping_status":"open","template":"","meta":{"footnotes":""},"class_list":["post-3","page","type-page","status-publish","hentry"],"_links":{"self":[{"href":"https:\/\/hedforall.eu\/de\/wp-json\/wp\/v2\/pages\/3","targetHints":{"allow":["GET"]}}],"collection":[{"href":"https:\/\/hedforall.eu\/de\/wp-json\/wp\/v2\/pages"}],"about":[{"href":"https:\/\/hedforall.eu\/de\/wp-json\/wp\/v2\/types\/page"}],"author":[{"embeddable":true,"href":"https:\/\/hedforall.eu\/de\/wp-json\/wp\/v2\/users\/1"}],"replies":[{"embeddable":true,"href":"https:\/\/hedforall.eu\/de\/wp-json\/wp\/v2\/comments?post=3"}],"version-history":[{"count":4,"href":"https:\/\/hedforall.eu\/de\/wp-json\/wp\/v2\/pages\/3\/revisions"}],"predecessor-version":[{"id":1504,"href":"https:\/\/hedforall.eu\/de\/wp-json\/wp\/v2\/pages\/3\/revisions\/1504"}],"wp:attachment":[{"href":"https:\/\/hedforall.eu\/de\/wp-json\/wp\/v2\/media?parent=3"}],"curies":[{"name":"wp","href":"https:\/\/api.w.org\/{rel}","templated":true}]}}