{"id":1584,"date":"2023-09-14T12:39:54","date_gmt":"2023-09-14T10:39:54","guid":{"rendered":"https:\/\/hedforall.eu\/?page_id=1584"},"modified":"2023-09-14T14:34:05","modified_gmt":"2023-09-14T12:34:05","slug":"organization-list","status":"publish","type":"page","link":"https:\/\/hedforall.eu\/es\/organization-list\/","title":{"rendered":"Organization List"},"content":{"rendered":"<div class=\"organization-list\"><form method=\"get\"><label for=\"filter_name\">Filter by organization name:<\/label><input type=\"text\" name=\"filter_name\" id=\"filter_name\" value=\"\" \/><label for=\"filter_country\">Filter by country:<\/label><select name=\"filter_country\" id=\"filter_country\"><option value=\"\">All<\/option><option value=\"Austria\">Austria<\/option><option value=\"Belgium\">Belgium<\/option><option value=\"Bulgaria\">Bulgaria<\/option><option value=\"Croatia\">Croatia<\/option><option value=\"Cyprus\">Cyprus<\/option><option value=\"Czech Republic\">Czech Republic<\/option><option value=\"Denmark\">Denmark<\/option><option value=\"Estonia\">Estonia<\/option><option value=\"Finland\">Finland<\/option><option value=\"France\">France<\/option><option value=\"Germany\">Germany<\/option><option value=\"Greece\">Greece<\/option><option value=\"Hungary\">Hungary<\/option><option value=\"Iceland\">Iceland<\/option><option value=\"Ireland\">Ireland<\/option><option value=\"Italy\">Italy<\/option><option value=\"Latvia\">Latvia<\/option><option value=\"Liechtenstein\">Liechtenstein<\/option><option value=\"Lithuania\">Lithuania<\/option><option value=\"Luxembourg\">Luxembourg<\/option><option value=\"Malta\">Malta<\/option><option value=\"Monaco\">Monaco<\/option><option value=\"Montenegro\">Montenegro<\/option><option value=\"Netherlands\">Netherlands<\/option><option value=\"North Macedonia\">North Macedonia<\/option><option value=\"Norway\">Norway<\/option><option value=\"Poland\">Poland<\/option><option value=\"Portugal\">Portugal<\/option><option value=\"Romania\">Romania<\/option><option value=\"Serbia\">Serbia<\/option><option value=\"Slovakia\">Slovakia<\/option><option value=\"Slovenia\">Slovenia<\/option><option value=\"Spain\">Spain<\/option><option value=\"Sweden\">Sweden<\/option><option value=\"Switzerland\">Switzerland<\/option><option value=\"United Kingdom\">United Kingdom<\/option><\/select><input type=\"submit\" value=\"Filter\" \/><input type=\"hidden\" name=\"trp-form-language\" value=\"es\"\/><\/form><table class=\"styled-table\"><thead><tr><th>Organization Name<\/th><th>Country<\/th><th>City<\/th><th>Address<\/th><th>Category<\/th><th>Telephone<\/th><th>Email<\/th><th>Website<\/th><th>Support<\/th><\/tr><\/thead><tbody><tr><td><a href=\"https:\/\/hedforall.eu\/es\/organization\/\">\u201cHegyalja Kapuja\u201d Association of Disabled People<\/a><\/td><td>Hungary<\/td><td>Szerencs<\/td><td>R\u00e1k\u00f3czi \u00fat 94., Szerencs, Hungary<\/td><td>Association for individuals with motor disabilities<\/td><td>06-47-361-682<\/td><td>mozgkorl@szerencs.hu<\/td><td><\/td><td><\/td><\/tr><tr><td><a href=\"https:\/\/hedforall.eu\/es\/organization\/\">\u201cHelping Hand\u201d Association of Disabled People<\/a><\/td><td>Hungary<\/td><td>Mindszent<\/td><td>V\u00f6r\u00f6smarty u. 3., Mindszent, Hungary<\/td><td>Association for individuals with motor disabilities<\/td><td>06-70-595-9450<\/td><td>kovacsverus@citromail.hu<\/td><td><\/td><td><\/td><\/tr><tr><td><a href=\"https:\/\/hedforall.eu\/es\/organization\/\">\u201cTogether for Young People\u201d Association of Disabled People<\/a><\/td><td>Hungary<\/td><td>Mindszent<\/td><td>Ludas u. 29., Mindszent, Hungary<\/td><td>Association for individuals with motor disabilities<\/td><td>06-30-546-1332<\/td><td>szobacsis@tanet.hu<\/td><td><\/td><td><\/td><\/tr><tr><td><a href=\"https:\/\/hedforall.eu\/es\/organization\/\">Aalborg University<\/a><\/td><td>Denmark<\/td><td>Aalborg<\/td><td>Special Educational Support (SPS),Fredrik Bajers Vej 7K, 9220 Aalborg East - Denmark<\/td><td>Higher Education Institute with unit for individuals with disabilities<\/td><td>+4599409430<\/td><td>sps@aau.dk<\/td><td>https:\/\/www.en.aau.dk\/education\/su<\/td><td>Special Educational Support (SPS)<\/td><\/tr><tr><td><a href=\"https:\/\/hedforall.eu\/es\/organization\/\">Aarhus University<\/a><\/td><td>Denmark<\/td><td>Aarhus<\/td><td>Special Educational Support (SPS) Office, Fredrik Nielsens Vej 5, DK-8000 Aarhus C., Denmark<\/td><td>Higher Education Institute with unit for individuals with disabilities<\/td><td>+4587162720<\/td><td>sps@au.dk<\/td><td>https:\/\/international.au.dk\/life\/studentscomingtoau\/prepareyourarrival\/specialneeds<\/td><td>Counselling and Support Centre<\/td><\/tr><tr><td><a href=\"https:\/\/hedforall.eu\/es\/organization\/\">ABMM Maladies Neuromusculaires<\/a><\/td><td>Belgium<\/td><td>La Louviere<\/td><td>Rue Achille Chav\u00e9e, 52\/02 - 7100 La Louvi\u00e8re, Belgium<\/td><td>Association for individuals with motor disabilities<\/td><td>064\/45.05.24<\/td><td>info@abmm.be<\/td><td>http:\/\/www.abmm.be\/<\/td><td><\/td><\/tr><tr><td><a href=\"https:\/\/hedforall.eu\/es\/organization\/\">Accesstech<\/a><\/td><td>Switzerland<\/td><td><\/td><td><\/td><td>Designer of O&amp;M aids<\/td><td><\/td><td><\/td><td>http:\/\/www.accesstech.ch<\/td><td><\/td><\/tr><tr><td><a href=\"https:\/\/hedforall.eu\/es\/organization\/\">Action for Blind People<\/a><\/td><td>United Kingdom<\/td><td><\/td><td><\/td><td>Association for individuals with blindness<\/td><td><\/td><td><\/td><td>www.actionforblindpeople.org.uk\/<\/td><td><\/td><\/tr><tr><td><a href=\"https:\/\/hedforall.eu\/es\/organization\/\">ACTION KNOWLEDGE TRAINING FOR DEAFNESS<\/a><\/td><td>France<\/td><td>Paris<\/td><td>11 rue de Clichy  75009 Paris<\/td><td>Association for individuals with deafness<\/td><td>09 50 24 27 87<\/td><td>contact@acfos.org<\/td><td>http:\/\/www.acfos.org<\/td><td><\/td><\/tr><tr><td><a href=\"https:\/\/hedforall.eu\/es\/organization\/\">Active Association of People with Disabilities<\/a><\/td><td>Hungary<\/td><td>Veszpr\u00e9m<\/td><td>Jutasi u. 63\/c., 8200, Veszpr\u00e9m, Hungary<\/td><td>Association for individuals with motor disabilities<\/td><td>06-20-977-3550<\/td><td>aktivegyesulet@aktivegyesulet.hu<\/td><td>www.aktivegyesulet.hu<\/td><td><\/td><\/tr><tr><td><a href=\"https:\/\/hedforall.eu\/es\/organization\/\">Add Your Hand to the Association of People with Disabilities<\/a><\/td><td>Hungary<\/td><td>M\u00e1rt\u00e9ly<\/td><td>K\u00f6zs\u00e9gh\u00e1z u. 6. , M\u00e1rt\u00e9ly, Hungary<\/td><td>Association for individuals with motor disabilities<\/td><td>06-62-228-003<\/td><td>addakezed98@freemail.hu<\/td><td><\/td><td><\/td><\/tr><tr><td><a href=\"https:\/\/hedforall.eu\/es\/organization\/\">ADV &#8211; Visual Disabled Association<\/a><\/td><td>Italy<\/td><td>Rome<\/td><td>Via Lima 22, 00198 Roma, ITALY<\/td><td>Association for individuals with deafness<\/td><td>+39 06 85 50 260<\/td><td>segreteria@disabilivisivi.it<\/td><td>https:\/\/www.disabilivisivi.it<\/td><td><\/td><\/tr><tr><td><a href=\"https:\/\/hedforall.eu\/es\/organization\/\">Ajka Association for the Disabled<\/a><\/td><td>Hungary<\/td><td>Ajka<\/td><td>Szabads\u00e1g t\u00e9r 12., 8400, Ajka, Hungary<\/td><td>Association for individuals with motor disabilities<\/td><td>06-88-521-100<\/td><td>jusztinne@freemail.hu<\/td><td><\/td><td><\/td><\/tr><tr><td><a href=\"https:\/\/hedforall.eu\/es\/organization\/\">ALLIANCE OF\u00a0ORGANIZATIONS OF\u00a0DISABLED\u00a0PEOPLE IN\u00a0SLOVAKIA<\/a><\/td><td>Slovakia<\/td><td>Bratislava<\/td><td>\u017dabotova 2, Bratislava, Slovakia<\/td><td>Other<\/td><td><\/td><td>aozpo@stonline.sk<\/td><td>http:\/\/www.aozpooz.sk<\/td><td><\/td><\/tr><tr><td><a href=\"https:\/\/hedforall.eu\/es\/organization\/\">Alt\u00e9o ASBL<\/a><\/td><td>Belgium<\/td><td>Brussels<\/td><td>Chauss\u00e9e de Haecht 579\/40 - 1031 Bruxelles, Belgium<\/td><td>Association for individuals with motor disabilities<\/td><td>02\/246.42.26<\/td><td>alteo@mc.be<\/td><td>http:\/\/www.alteoasbl.be<\/td><td><\/td><\/tr><tr><td><a href=\"https:\/\/hedforall.eu\/es\/organization\/\">Alternative Association of Disabled People of Szeged<\/a><\/td><td>Hungary<\/td><td>Szeged<\/td><td>Veres\u00e1cs u. 17\/b , Szeged, Hungary<\/td><td>Association for individuals with motor disabilities<\/td><td>06-62-444-897<\/td><td>szma@t-online.hu<\/td><td><\/td><td><\/td><\/tr><tr><td><a href=\"https:\/\/hedforall.eu\/es\/organization\/\">AMAA Association West Attica<\/a><\/td><td>Greece<\/td><td>Athens<\/td><td>Nikola\u00efdou 35, Palio Dimarcheio, Athens, Greece<\/td><td>Association for individuals with motor disabilities<\/td><td>210-5541302<\/td><td>vaggokako@yahoo.gr<\/td><td><\/td><td><\/td><\/tr><tr><td><a href=\"https:\/\/hedforall.eu\/es\/organization\/\">Andrago\u0161ki center Republike Slovenije<\/a><\/td><td>Slovenia<\/td><td><\/td><td><\/td><td>Other<\/td><td><\/td><td><\/td><td>http:\/\/www.acs.si\/<\/td><td><\/td><\/tr><tr><td><a href=\"https:\/\/hedforall.eu\/es\/organization\/\">Anne Sullivan Centre<\/a><\/td><td>Ireland<\/td><td><\/td><td><\/td><td>Association for individuals with blindness<\/td><td><\/td><td><\/td><td><\/td><td><\/td><\/tr><tr><td><a href=\"https:\/\/hedforall.eu\/es\/organization\/\">APASCIDE &#8211; Spanish Association of Parents of Deafblind People<\/a><\/td><td>Spain<\/td><td><\/td><td>Jeronima Llorente 68-4.C, 28039 MADRID, SPAIN<\/td><td>Association for individuals with blindness<\/td><td>+ 34 450 93 07<\/td><td><\/td><td>http:\/\/www.deafblind.com\/europe.html#APASCIDE%20-%20Spanish%20Association%20of%20Parents%20of<\/td><td><\/td><\/tr><\/tbody><\/table><div class=\"pagination\"><span aria-current=\"page\" class=\"page-numbers current\">1<\/span>\n<a class=\"page-numbers\" href=\"https:\/\/hedforall.eu\/es\/wp-json\/wp\/v2\/pages\/1584\/?paged=2\">2<\/a>\n<a class=\"page-numbers\" href=\"https:\/\/hedforall.eu\/es\/wp-json\/wp\/v2\/pages\/1584\/?paged=3\">3<\/a>\n<span class=\"page-numbers dots\">&hellip;<\/span>\n<a class=\"page-numbers\" href=\"https:\/\/hedforall.eu\/es\/wp-json\/wp\/v2\/pages\/1584\/?paged=28\">28<\/a>\n<a class=\"next page-numbers\" href=\"https:\/\/hedforall.eu\/es\/wp-json\/wp\/v2\/pages\/1584\/?paged=2\">Next \u00bb<\/a><\/div><\/div>","protected":false},"excerpt":{"rendered":"","protected":false},"author":8,"featured_media":0,"parent":0,"menu_order":0,"comment_status":"closed","ping_status":"closed","template":"","meta":{"footnotes":""},"class_list":["post-1584","page","type-page","status-publish","hentry"],"_links":{"self":[{"href":"https:\/\/hedforall.eu\/es\/wp-json\/wp\/v2\/pages\/1584","targetHints":{"allow":["GET"]}}],"collection":[{"href":"https:\/\/hedforall.eu\/es\/wp-json\/wp\/v2\/pages"}],"about":[{"href":"https:\/\/hedforall.eu\/es\/wp-json\/wp\/v2\/types\/page"}],"author":[{"embeddable":true,"href":"https:\/\/hedforall.eu\/es\/wp-json\/wp\/v2\/users\/8"}],"replies":[{"embeddable":true,"href":"https:\/\/hedforall.eu\/es\/wp-json\/wp\/v2\/comments?post=1584"}],"version-history":[{"count":3,"href":"https:\/\/hedforall.eu\/es\/wp-json\/wp\/v2\/pages\/1584\/revisions"}],"predecessor-version":[{"id":1603,"href":"https:\/\/hedforall.eu\/es\/wp-json\/wp\/v2\/pages\/1584\/revisions\/1603"}],"wp:attachment":[{"href":"https:\/\/hedforall.eu\/es\/wp-json\/wp\/v2\/media?parent=1584"}],"curies":[{"name":"wp","href":"https:\/\/api.w.org\/{rel}","templated":true}]}}