{"id":24,"date":"2022-07-06T14:41:06","date_gmt":"2022-07-06T12:41:06","guid":{"rendered":"http:\/\/hedforall.eu\/dev\/?page_id=24"},"modified":"2022-12-29T18:03:46","modified_gmt":"2022-12-29T17:03:46","slug":"objectives","status":"publish","type":"page","link":"https:\/\/hedforall.eu\/es\/objectives\/","title":{"rendered":"Project &#8211; Objectives"},"content":{"rendered":"<h2 class=\"wp-block-heading\"><strong>Objetivos<\/strong><\/h2>\n\n\n\n<figure class=\"wp-block-image aligncenter size-full is-resized\"><img loading=\"lazy\" decoding=\"async\" src=\"https:\/\/hedforall.eu\/dev\/wp-content\/uploads\/2022\/12\/Screenshot-2022-12-07-alle-11.03.09.png\" alt=\"\" class=\"wp-image-1435\" width=\"153\" height=\"155\" srcset=\"https:\/\/hedforall.eu\/wp-content\/uploads\/2022\/12\/Screenshot-2022-12-07-alle-11.03.09.png 168w, https:\/\/hedforall.eu\/wp-content\/uploads\/2022\/12\/Screenshot-2022-12-07-alle-11.03.09-12x12.png 12w\" sizes=\"auto, (max-width: 153px) 100vw, 153px\" \/><\/figure>\n\n\n\n<hr class=\"wp-block-separator has-alpha-channel-opacity\"\/>\n\n\n\n<p>El proyecto HEDforALL tiene como objetivo mejorar la inclusi\u00f3n de estudiantes con discapacidad (visual, auditiva, f\u00edsica\/movilidad y dificultades de aprendizaje) en Institutos de Educaci\u00f3n Superior (IES) y apoyar al personal acad\u00e9mico en el desarrollo de competencias digitales para hacer frente a las necesidades de los estudiantes con discapacidad en cuanto a recursos accesibles y el cambio a la educaci\u00f3n digital y el aprendizaje en l\u00ednea. El objetivo final de HEDforALL es el desarrollo de un conjunto de materiales educativos, pr\u00e1cticas de desarrollo y metodolog\u00edas de educaci\u00f3n digital y aprendizaje en l\u00ednea para la implementaci\u00f3n de la educaci\u00f3n digital en la educaci\u00f3n superior.\u00a0\u00a0<\/p>\n\n\n\n<p class=\"is-style-default\">Los objetivos espec\u00edficos del proyecto son:\u00a0<\/p>\n\n\n\n<ul class=\"wp-block-list\">\n<li>Identificar las necesidades y requisitos de los estudiantes con discapacidad para materiales accesibles en diferentes asignaturas\/cursos impartidos en la educaci\u00f3n superior y las necesidades reveladas por la educaci\u00f3n a distancia para los propios estudiantes con discapacidad.\u00a0\n<ul class=\"wp-block-list\"><\/ul>\n<\/li>\n\n\n\n<li>Examinar el conocimiento y la experiencia existentes del personal docente de la educaci\u00f3n superior y los asesores de accesibilidad en relaci\u00f3n con diversas formas de materiales accesibles y pr\u00e1cticas de educaci\u00f3n a distancia para estudiantes con discapacidad, para determinar sus necesidades de formaci\u00f3n; examinar el impacto de la formaci\u00f3n en su conocimiento.<\/li>\n\n\n\n<li>Desarrollar la capacidad y el desarrollo profesional para el personal docente y los asesores de accesibilidad que les permita desarrollar materiales educativos accesibles y m\u00e9todos de educaci\u00f3n digital para clases de educaci\u00f3n digital inclusivas con el fin de proporcionar oportunidades educativas significativas y de alta calidad para estudiantes con discapacidad.\u00a0<\/li>\n\n\n\n<li>Desarrollar los materiales educativos accesibles m\u00e1s adecuados para estudiantes con discapacidad en t\u00e9rminos de accesibilidad, usabilidad y eficacia educativa y evaluarlo en profundidad a trav\u00e9s de estudios con usuarios finales.<\/li>\n\n\n\n<li>Desarrollar material de formaci\u00f3n para el personal docente y los asesores de accesibilidad (por ejemplo, Gu\u00eda de Material Accesible, videos educativos de YouTube y Gu\u00eda para programas de educaci\u00f3n digital), con un conjunto concreto de pr\u00e1cticas y directrices para la producci\u00f3n de materiales educativos accesibles, as\u00ed como para la implementaci\u00f3n de programas de educaci\u00f3n digital para estudiantes con discapacidad.<\/li>\n\n\n\n<li>Implementar cursos piloto de educaci\u00f3n digital accesible con estudiantes con discapacidad y evaluar su adecuaci\u00f3n y resultados de aprendizaje\u00a0<\/li>\n\n\n\n<li>Implementar el primer repositorio en l\u00ednea abierto y gratuito de materiales educativos accesibles de diferentes asignaturas para ser utilizado por educadores y cualquier persona interesada.\u00a0<\/li>\n\n\n\n<li>Compartir los resultados del proyecto a nivel internacional.<\/li>\n<\/ul>","protected":false},"excerpt":{"rendered":"<p>Objectives The HEDforALL project aims at improving the inclusion of SwD (i.e., visual, hearing, physical\/mobility\/ impairments and learning difficulties) in Higher Education Institutes (HEI) and support academic personnel to develop digital competences in order to cope with the SwD\u2019s needs on accessible resources and the shift to digital education and e-Learning. The ultimate aim of&hellip;<\/p>","protected":false},"author":2,"featured_media":0,"parent":0,"menu_order":0,"comment_status":"closed","ping_status":"closed","template":"","meta":{"footnotes":""},"class_list":["post-24","page","type-page","status-publish","hentry"],"_links":{"self":[{"href":"https:\/\/hedforall.eu\/es\/wp-json\/wp\/v2\/pages\/24","targetHints":{"allow":["GET"]}}],"collection":[{"href":"https:\/\/hedforall.eu\/es\/wp-json\/wp\/v2\/pages"}],"about":[{"href":"https:\/\/hedforall.eu\/es\/wp-json\/wp\/v2\/types\/page"}],"author":[{"embeddable":true,"href":"https:\/\/hedforall.eu\/es\/wp-json\/wp\/v2\/users\/2"}],"replies":[{"embeddable":true,"href":"https:\/\/hedforall.eu\/es\/wp-json\/wp\/v2\/comments?post=24"}],"version-history":[{"count":7,"href":"https:\/\/hedforall.eu\/es\/wp-json\/wp\/v2\/pages\/24\/revisions"}],"predecessor-version":[{"id":1455,"href":"https:\/\/hedforall.eu\/es\/wp-json\/wp\/v2\/pages\/24\/revisions\/1455"}],"wp:attachment":[{"href":"https:\/\/hedforall.eu\/es\/wp-json\/wp\/v2\/media?parent=24"}],"curies":[{"name":"wp","href":"https:\/\/api.w.org\/{rel}","templated":true}]}}