{"id":475,"date":"2022-08-08T10:22:05","date_gmt":"2022-08-08T08:22:05","guid":{"rendered":"https:\/\/hedforall.eu\/dev\/?page_id=475"},"modified":"2022-12-29T18:08:13","modified_gmt":"2022-12-29T17:08:13","slug":"impact","status":"publish","type":"page","link":"https:\/\/hedforall.eu\/es\/impact\/","title":{"rendered":"Project &#8211; Impact"},"content":{"rendered":"<h2 class=\"wp-block-heading\"><strong>Impacto<\/strong><\/h2>\n\n\n\n<figure class=\"wp-block-image aligncenter size-full is-resized\"><img loading=\"lazy\" decoding=\"async\" src=\"https:\/\/hedforall.eu\/dev\/wp-content\/uploads\/2022\/12\/Screenshot-2022-12-07-alle-11.11.19.png\" alt=\"\" class=\"wp-image-1441\" width=\"158\" height=\"156\" srcset=\"https:\/\/hedforall.eu\/wp-content\/uploads\/2022\/12\/Screenshot-2022-12-07-alle-11.11.19.png 170w, https:\/\/hedforall.eu\/wp-content\/uploads\/2022\/12\/Screenshot-2022-12-07-alle-11.11.19-12x12.png 12w\" sizes=\"auto, (max-width: 158px) 100vw, 158px\" \/><\/figure>\n\n\n\n<hr class=\"wp-block-separator has-alpha-channel-opacity\"\/>\n\n\n\n<p><strong><strong>Al finalizar, los resultados de HEDforALL:<\/strong>\u00a0<\/strong><\/p>\n\n\n\n<ol class=\"wp-block-list\">\n<li>Satisfar\u00e1n las necesidades de los Estudiantes con Discapacidad en recursos accesibles y los apoyar\u00e1n durante la educaci\u00f3n superior.\u00a0<\/li>\n\n\n\n<li>Mejorar\u00e1n el sistema de educaci\u00f3n superior movi\u00e9ndose hacia enfoques de intervenci\u00f3n m\u00e1s proactivos que aumenten la capacidad de todas las Instituciones de Educaci\u00f3n Superior para proporcionar material educativo accesible de alta calidad y apoyar la Educaci\u00f3n a Distancia inclusiva para los Estudiantes con Discapacidad.\u00a0<\/li>\n\n\n\n<li>Contribuir\u00e1n a la transformaci\u00f3n digital de las Instituciones de Educaci\u00f3n Superior\u00a0<\/li>\n\n\n\n<li>Permitir\u00e1n que el personal docente desarrolle habilidades digitales y competencias clave en la producci\u00f3n de material educativo accesible.\u00a0<\/li>\n\n\n\n<li>Apoyar\u00e1n al personal docente y a los asesores de accesibilidad para que est\u00e9n preparados de manera efectiva para ayudar a los Estudiantes con Discapacidad a participar en todas las oportunidades educativas, dando pasos hacia una educaci\u00f3n inclusiva e igualitaria para todos.\u00a0<\/li>\n\n\n\n<li>Desarrollar\u00e1n actitudes, creencias, conocimientos, habilidades y comportamientos que apoyen la inclusi\u00f3n. Al crear conciencia y promover soluciones derivadas que apoyen la inclusi\u00f3n, se prev\u00e9 que los pa\u00edses de la UE permitan una mayor interacci\u00f3n entre los Estudiantes con Discapacidad y estudiantes sin discapacidad.\u00a0<\/li>\n<\/ol>\n\n\n\n<ol class=\"wp-block-list\"><\/ol>","protected":false},"excerpt":{"rendered":"<p>Impact On its completion, HEDforALL outcomes will:\u00a0<\/p>","protected":false},"author":8,"featured_media":0,"parent":0,"menu_order":0,"comment_status":"closed","ping_status":"closed","template":"","meta":{"footnotes":""},"class_list":["post-475","page","type-page","status-publish","hentry"],"_links":{"self":[{"href":"https:\/\/hedforall.eu\/es\/wp-json\/wp\/v2\/pages\/475","targetHints":{"allow":["GET"]}}],"collection":[{"href":"https:\/\/hedforall.eu\/es\/wp-json\/wp\/v2\/pages"}],"about":[{"href":"https:\/\/hedforall.eu\/es\/wp-json\/wp\/v2\/types\/page"}],"author":[{"embeddable":true,"href":"https:\/\/hedforall.eu\/es\/wp-json\/wp\/v2\/users\/8"}],"replies":[{"embeddable":true,"href":"https:\/\/hedforall.eu\/es\/wp-json\/wp\/v2\/comments?post=475"}],"version-history":[{"count":5,"href":"https:\/\/hedforall.eu\/es\/wp-json\/wp\/v2\/pages\/475\/revisions"}],"predecessor-version":[{"id":1460,"href":"https:\/\/hedforall.eu\/es\/wp-json\/wp\/v2\/pages\/475\/revisions\/1460"}],"wp:attachment":[{"href":"https:\/\/hedforall.eu\/es\/wp-json\/wp\/v2\/media?parent=475"}],"curies":[{"name":"wp","href":"https:\/\/api.w.org\/{rel}","templated":true}]}}