{"id":964,"date":"2022-08-12T09:35:31","date_gmt":"2022-08-12T07:35:31","guid":{"rendered":"https:\/\/hedforall.eu\/dev\/?page_id=964"},"modified":"2023-07-26T20:56:49","modified_gmt":"2023-07-26T18:56:49","slug":"the-project","status":"publish","type":"page","link":"https:\/\/hedforall.eu\/es\/the-project\/","title":{"rendered":"El Proyecto"},"content":{"rendered":"<h2 class=\"wp-block-heading\"><strong>El Proyecto<\/strong><\/h2>\n\n\n\n<p><strong>Estructura<\/strong><br><br>La fuerza de nuestra sociedad radica en la educaci\u00f3n y la investigaci\u00f3n en los Institutos de Educaci\u00f3n Superior. Sin embargo, a demasiados Estudiantes con Discapacidad (SwD) (es decir, discapacidades visuales, auditivas, deficiencias f\u00edsicas \/ de movilidad y dificultades de aprendizaje) se les niega este derecho debido a numerosas barreras y obst\u00e1culos para la educaci\u00f3n digital accesible (es decir, material digital accesible y Educaci\u00f3n a Distancia\/ e-learning). La ense\u00f1anza a Estudiantes con Discapacidad en la Educaci\u00f3n Superior presenta desaf\u00edos \u00fanicos para los Estudiantes con Discapacidad y sus educadores, causados por la falta de recursos digitales accesibles seg\u00fan el tipo de discapacidad (visual, auditiva, deficiencias f\u00edsicas\/ de movilidad y dificultades de aprendizaje) y la falta de competencia digital del personal acad\u00e9mico con el fin de hacer frente a las necesidades de los Estudiantes con Discapacidad. El personal docente y los asesores de accesibilidad a menudo no saben c\u00f3mo apoyar a los Estudiantes con Discapacidad. Indiscutiblemente existe un vac\u00edo de investigaci\u00f3n transnacional sobre las necesidades espec\u00edficas de los Estudiantes con Discapacidad en material educativo accesible y sobre las necesidades que les revela la Educaci\u00f3n a Distancia (ED), as\u00ed como sobre el conocimiento y la experiencia que tienen el personal docente y los asesores de accesibilidad en las Instituciones de Educaci\u00f3n Superior, en relaci\u00f3n a diversas formas de materiales accesibles y la provisi\u00f3n de cursos de DE accesibles para sus Estudiantes con Discapacidad.\u00a0<\/p>","protected":false},"excerpt":{"rendered":"<p>The Project Framework The strength of our society lies in education and research in Higher Education Institutes. However, too many Students with Disabilities (SwD) (i.e., visual, hearing, physical\/mobility\/ impairments and learning difficulties) are denied this right due to numerous barriers and obstacles to accessible digital education (i.e., accessible digital material and Distance Education\/e-learning). Teaching SwD&hellip;<\/p>","protected":false},"author":8,"featured_media":0,"parent":0,"menu_order":0,"comment_status":"closed","ping_status":"closed","template":"","meta":{"footnotes":""},"class_list":["post-964","page","type-page","status-publish","hentry"],"_links":{"self":[{"href":"https:\/\/hedforall.eu\/es\/wp-json\/wp\/v2\/pages\/964","targetHints":{"allow":["GET"]}}],"collection":[{"href":"https:\/\/hedforall.eu\/es\/wp-json\/wp\/v2\/pages"}],"about":[{"href":"https:\/\/hedforall.eu\/es\/wp-json\/wp\/v2\/types\/page"}],"author":[{"embeddable":true,"href":"https:\/\/hedforall.eu\/es\/wp-json\/wp\/v2\/users\/8"}],"replies":[{"embeddable":true,"href":"https:\/\/hedforall.eu\/es\/wp-json\/wp\/v2\/comments?post=964"}],"version-history":[{"count":5,"href":"https:\/\/hedforall.eu\/es\/wp-json\/wp\/v2\/pages\/964\/revisions"}],"predecessor-version":[{"id":1559,"href":"https:\/\/hedforall.eu\/es\/wp-json\/wp\/v2\/pages\/964\/revisions\/1559"}],"wp:attachment":[{"href":"https:\/\/hedforall.eu\/es\/wp-json\/wp\/v2\/media?parent=964"}],"curies":[{"name":"wp","href":"https:\/\/api.w.org\/{rel}","templated":true}]}}