{"id":1451,"date":"2022-12-29T18:15:49","date_gmt":"2022-12-29T17:15:49","guid":{"rendered":"https:\/\/hedforall.eu\/dev\/?page_id=1451"},"modified":"2025-01-10T08:10:39","modified_gmt":"2025-01-10T07:10:39","slug":"project-results","status":"publish","type":"page","link":"https:\/\/hedforall.eu\/it\/project-results\/","title":{"rendered":"Project &#8211; Results"},"content":{"rendered":"<h2 class=\"wp-block-heading\">Risultati<\/h2>\r\n\r\n\r\n\r\n<p><strong>Durante il progetto, sono previsti otto Risultati del Progetto, come descritto di seguito.<\/strong>\u00a0<\/p>\r\n\r\n\r\n\r\n<p><strong>RES1.<\/strong> <strong>Studio: Bisogni e requisiti degli SwD<\/strong>Una relazione sull'identificazione dei bisogni degli SwD dell'istruzione superiore (disabilit\u00e0 visiva, uditiva, di mobilit\u00e0\/fisica e difficolt\u00e0 di apprendimento) in materia di materiali didattici accessibili riguardanti diversi soggetti\/corsi insegnati nell'istruzione superiore.\u00a0<\/p>\r\n\r\n\r\n\r\n<p><strong>RES2. Studio: Conoscenza ed esperienza e competenze del personale docente e degli advisor di accessibilit\u00e0.<\/strong> Una relazione sulla conoscenza ed esperienza del personale docente e degli advisor di accessibilit\u00e0 in relazione a varie forme di materiali accessibili. La relazione presenter\u00e0 le loro esigenze di formazione riguardo all'uso e alla produzione di materiali didattici accessibili e alla fornitura di corsi DE accessibili.\u00a0<\/p>\r\n\r\n\r\n\r\n<p><strong>RES3. Sviluppo di materiale didattico accessibile E sviluppo di una Guida al Materiale Accessibile.<\/strong>Sviluppo (in due fasi, ovvero una prima versione e una versione finale) dei materiali didattici accessibili pi\u00f9 adatti per gli SwD in termini di accessibilit\u00e0, usabilit\u00e0 ed efficacia didattica attraverso lo studio di valutazione dei requisiti degli utenti finali, dell'efficacia e della soddisfazione. Sviluppo di una \"Guida al Materiale Accessibile\" per la produzione di materiali didattici accessibili adattati.\u00a0<\/p>\r\n\r\n\r\n\r\n<p><strong>RES4. Studio: Valutazione del materiale didattico da parte degli SwD.<\/strong>Valutazione del materiale didattico in base alla sua accessibilit\u00e0, usabilit\u00e0 ed efficacia didattica.\u00a0<\/p>\r\n\r\n\r\n\r\n<p><strong>RES5. Implementazione pilota di corsi di educazione a distanza accessibili - Valutazione della qualit\u00e0 dei corsi pilota e dei risultati del processo educativo.<\/strong> Implementazione pilota di corsi di educazione a distanza accessibili in paesi partner e valutazione della qualit\u00e0 dei corsi pilota e dei risultati del processo educativo in termini di adeguatezza, soddisfazione e risultati di apprendimento. Implementazione di tre (3) corsi pilota di DE accessibili con SwD (RES5) in tre (3) paesi europei (Grecia, Spagna, Germania). Sviluppo della \"Guida per i programmi DE\" per l'implementazione dei corsi DE per SwD.\u00a0<\/p>\r\n\r\n\r\n\r\n<p><strong>RES6.<\/strong> <strong>Implementazione di un repository online di materiale didattico accessibile.<\/strong> Il materiale caricato sar\u00e0 liberamente disponibile per il download e per essere utilizzato da qualsiasi parte interessata. Inizialmente includer\u00e0 il materiale accessibile (libri di testo, dispensatori, presentazioni, immagini, mappe, diagrammi ecc.) sviluppato durante il progetto, ma potrebbe essere arricchito e costruito da contributori registrati della comunit\u00e0 accademica e da altre entit\u00e0 specializzate nello sviluppo e produzione di materiale didattico accessibile.\u00a0<\/p>\r\n\r\n\r\n\r\n<p><strong>RES7.<\/strong> <strong>Indice delle Unit\u00e0 di Accessibilit\u00e0. <\/strong>Questo risultato prevede lo sviluppo di un indice elettronico di organizzazioni collegate per far parte dell'iniziativa del progetto per la creazione di una \"Rete di Accessibilit\u00e0\" per la condivisione e la promozione di soluzioni derivate e per sostenere l'inclusione negli Istituti di Istruzione Superiore a livello internazionale.\u00a0<\/p>\r\n\r\n\r\n\r\n<p><strong>RES8: Video educativi su YouTube.<\/strong> Production of educational\/instructional videos on development and production of accessible educational material and on the provision of DE courses to SwD.\u00a0<\/p>","protected":false},"excerpt":{"rendered":"<p>Results During the project, eight Project Results are expected, as described below.\u00a0 RES1. Study: Needs and requirements of SwD. A Report on the identification of the needs of higher education SwD (visual, hearing, mobility\/physical impairments, learning difficulties) in accessible educational materials regarding different subjects\/courses taught in higher education.\u00a0 RES2. Study: Knowledge and experience and skills&hellip;<\/p>","protected":false},"author":8,"featured_media":0,"parent":0,"menu_order":0,"comment_status":"closed","ping_status":"closed","template":"","meta":{"footnotes":""},"class_list":["post-1451","page","type-page","status-publish","hentry"],"_links":{"self":[{"href":"https:\/\/hedforall.eu\/it\/wp-json\/wp\/v2\/pages\/1451","targetHints":{"allow":["GET"]}}],"collection":[{"href":"https:\/\/hedforall.eu\/it\/wp-json\/wp\/v2\/pages"}],"about":[{"href":"https:\/\/hedforall.eu\/it\/wp-json\/wp\/v2\/types\/page"}],"author":[{"embeddable":true,"href":"https:\/\/hedforall.eu\/it\/wp-json\/wp\/v2\/users\/8"}],"replies":[{"embeddable":true,"href":"https:\/\/hedforall.eu\/it\/wp-json\/wp\/v2\/comments?post=1451"}],"version-history":[{"count":3,"href":"https:\/\/hedforall.eu\/it\/wp-json\/wp\/v2\/pages\/1451\/revisions"}],"predecessor-version":[{"id":2822,"href":"https:\/\/hedforall.eu\/it\/wp-json\/wp\/v2\/pages\/1451\/revisions\/2822"}],"wp:attachment":[{"href":"https:\/\/hedforall.eu\/it\/wp-json\/wp\/v2\/media?parent=1451"}],"curies":[{"name":"wp","href":"https:\/\/api.w.org\/{rel}","templated":true}]}}