{"id":24,"date":"2022-07-06T14:41:06","date_gmt":"2022-07-06T12:41:06","guid":{"rendered":"http:\/\/hedforall.eu\/dev\/?page_id=24"},"modified":"2022-12-29T18:03:46","modified_gmt":"2022-12-29T17:03:46","slug":"objectives","status":"publish","type":"page","link":"https:\/\/hedforall.eu\/it\/objectives\/","title":{"rendered":"Project &#8211; Objectives"},"content":{"rendered":"<h2 class=\"wp-block-heading\"><strong>Obiettivi<\/strong><\/h2>\n\n\n\n<figure class=\"wp-block-image aligncenter size-full is-resized\"><img loading=\"lazy\" decoding=\"async\" src=\"https:\/\/hedforall.eu\/dev\/wp-content\/uploads\/2022\/12\/Screenshot-2022-12-07-alle-11.03.09.png\" alt=\"\" class=\"wp-image-1435\" width=\"153\" height=\"155\" srcset=\"https:\/\/hedforall.eu\/wp-content\/uploads\/2022\/12\/Screenshot-2022-12-07-alle-11.03.09.png 168w, https:\/\/hedforall.eu\/wp-content\/uploads\/2022\/12\/Screenshot-2022-12-07-alle-11.03.09-12x12.png 12w\" sizes=\"auto, (max-width: 153px) 100vw, 153px\" \/><\/figure>\n\n\n\n<hr class=\"wp-block-separator has-alpha-channel-opacity\"\/>\n\n\n\n<p>Il progetto HEDforALL mira a migliorare l'inclusione degli SwD (ad esempio, disabilit\u00e0 visive, uditive, fisiche\/motorie e difficolt\u00e0 di apprendimento) negli Istituti di Istruzione Superiore (HEI) e a sostenere il personale accademico nello sviluppo di competenze digitali al fine di far fronte alle esigenze degli SwD su risorse accessibili e al passaggio all'istruzione digitale e all'e-Learning. L'obiettivo finale di HEDforALL \u00e8 lo sviluppo di un insieme di materiali didattici, pratiche di sviluppo e metodologie di DE\/e-Learning per la realizzazione dell'istruzione digitale nell'istruzione superiore.\u00a0\u00a0<\/p>\n\n\n\n<p class=\"is-style-default\">Gli obiettivi specifici del progetto sono:\u00a0<\/p>\n\n\n\n<ul class=\"wp-block-list\">\n<li>Identificare le esigenze e i requisiti degli SwD per i materiali accessibili riguardanti i diversi soggetti\/corsi insegnati nell'istruzione superiore e le esigenze rivelate dall'istruzione a distanza agli stessi SwD.\u00a0\n<ul class=\"wp-block-list\"><\/ul>\n<\/li>\n\n\n\n<li>Esaminare la conoscenza e l'esperienza esistenti del personale insegnante e dei consulenti per l'accessibilit\u00e0 nell'istruzione superiore riguardo a varie forme di materiali accessibili e pratiche di istruzione a distanza per gli SwD, al fine di determinare le loro esigenze di formazione; esaminare l'impatto della formazione sulla loro conoscenza.<\/li>\n\n\n\n<li>Sviluppare la capacit\u00e0 e la formazione professionale per il personale insegnante e i consulenti per l'accessibilit\u00e0 che consentiranno loro di sviluppare materiali didattici accessibili e metodi DE per classi DE inclusive al fine di fornire agli SwD opportunit\u00e0 educative significative e di alta qualit\u00e0.\u00a0<\/li>\n\n\n\n<li>Sviluppare i materiali didattici accessibili pi\u00f9 adatti per gli SwD in termini di accessibilit\u00e0, usabilit\u00e0 ed efficacia educativa e valutarli approfonditamente attraverso studi con gli utenti finali.<\/li>\n\n\n\n<li>Sviluppare materiale didattico per il personale insegnante e i consulenti per l'accessibilit\u00e0 (ad esempio, Guida al Materiale Accessibile, video educativi di YouTube e Guida per i programmi DE), con un insieme concreto di pratiche e linee guida per la produzione di materiali didattici accessibili e per l'implementazione di programmi DE per gli SwD.<\/li>\n\n\n\n<li>Implementare corsi DE accessibili pilota con gli SwD e valutarne l'adeguatezza dell'accessibilit\u00e0 e i risultati dell'apprendimento.\u00a0<\/li>\n\n\n\n<li>Implementare il primo repository online aperto e gratuito di materiali didattici accessibili di diversi soggetti da utilizzare da parte degli educatori e di chiunque sia interessato.\u00a0<\/li>\n\n\n\n<li>Condividere i risultati del progetto a livello internazionale.<\/li>\n<\/ul>","protected":false},"excerpt":{"rendered":"<p>Objectives The HEDforALL project aims at improving the inclusion of SwD (i.e., visual, hearing, physical\/mobility\/ impairments and learning difficulties) in Higher Education Institutes (HEI) and support academic personnel to develop digital competences in order to cope with the SwD\u2019s needs on accessible resources and the shift to digital education and e-Learning. The ultimate aim of&hellip;<\/p>","protected":false},"author":2,"featured_media":0,"parent":0,"menu_order":0,"comment_status":"closed","ping_status":"closed","template":"","meta":{"footnotes":""},"class_list":["post-24","page","type-page","status-publish","hentry"],"_links":{"self":[{"href":"https:\/\/hedforall.eu\/it\/wp-json\/wp\/v2\/pages\/24","targetHints":{"allow":["GET"]}}],"collection":[{"href":"https:\/\/hedforall.eu\/it\/wp-json\/wp\/v2\/pages"}],"about":[{"href":"https:\/\/hedforall.eu\/it\/wp-json\/wp\/v2\/types\/page"}],"author":[{"embeddable":true,"href":"https:\/\/hedforall.eu\/it\/wp-json\/wp\/v2\/users\/2"}],"replies":[{"embeddable":true,"href":"https:\/\/hedforall.eu\/it\/wp-json\/wp\/v2\/comments?post=24"}],"version-history":[{"count":7,"href":"https:\/\/hedforall.eu\/it\/wp-json\/wp\/v2\/pages\/24\/revisions"}],"predecessor-version":[{"id":1455,"href":"https:\/\/hedforall.eu\/it\/wp-json\/wp\/v2\/pages\/24\/revisions\/1455"}],"wp:attachment":[{"href":"https:\/\/hedforall.eu\/it\/wp-json\/wp\/v2\/media?parent=24"}],"curies":[{"name":"wp","href":"https:\/\/api.w.org\/{rel}","templated":true}]}}