{"id":3,"date":"2022-07-05T15:16:03","date_gmt":"2022-07-05T13:16:03","guid":{"rendered":"http:\/\/hedforall.eu\/dev\/?page_id=3"},"modified":"2023-01-10T13:13:52","modified_gmt":"2023-01-10T12:13:52","slug":"privacy-policy","status":"publish","type":"page","link":"https:\/\/hedforall.eu\/it\/privacy-policy\/","title":{"rendered":"Privacy Policy"},"content":{"rendered":"<p><strong>HEDforALL sito di progetto<\/strong><\/p>\n\n\n\n<p><strong>Regolamento Generale sulla Protezione dei Dati (UE) 2016\/679<\/strong><\/p>\n\n\n\n<hr class=\"wp-block-separator has-alpha-channel-opacity\"\/>\n\n\n\n<p class=\"has-small-font-size\">Universit\u00e0 della Macedonia, in qualit\u00e0 di coordinatore scientifico del progetto Erasmus+ HEDforALL, desidera informare i visitatori del sito web https:\/\/hedforall.eu\/ (di seguito il \"Sito web\") della sua politica di protezione dei dati personali, sottolineando il suo impegno e attenzione per la tutela della privacy dei visitatori del sito web. Si prega di leggere attentamente questa Informativa sulla Privacy, che si applica se si accede al Sito web e si naviga semplicemente utilizzando i nostri servizi.<\/p>\n\n\n\n<p class=\"has-small-font-size\">La navigazione all'interno del Sito web \u00e8 gratuita e non richiede la registrazione. Per accedere a specifici servizi del Sito web (ad esempio, per richiedere informazioni tramite il modulo di contatto e per iscriversi alla mailing list di HEDforALL per ricevere la nostra newsletter) \u00e8 possibile fornire liberamente ed espressamente un insieme di dati personali (ad esempio, il proprio nome e il proprio indirizzo email). Quando vi chiediamo di fornire i vostri dati personali per accedere a questi servizi, vi informeremo sempre in conformit\u00e0 con il Regolamento UE 679\/2016 sulla protezione dei dati personali (GDPR) circa le finalit\u00e0 e le modalit\u00e0 di utilizzo dei dati, nonch\u00e9 il vostro diritto di richiedere la cancellazione o l'aggiornamento dei dati in qualsiasi momento.<\/p>\n\n\n\n<p class=\"has-small-font-size\">In conformit\u00e0 al GDPR, vi forniamo le seguenti informazioni.<\/p>\n\n\n\n<ol class=\"wp-block-list\">\n<li><strong>Il Titolare del Trattamento dei Dati<\/strong><\/li>\n<\/ol>\n\n\n\n<p class=\"has-small-font-size\">Il Titolare del Trattamento dei Dati \u00e8 il Consiglio Nazionale delle Ricerche - Istituto per le Tecnologie Didattiche con sede in Piazzale Aldo Moro, 7 - 00185 Roma, Italia, indirizzo email: direttore@itd.cnr.it (di seguito anche \"CNR-ITD\", l'\"Organizzazione\" o il \"Titolare del Trattamento\").<\/p>\n\n\n\n<ol class=\"wp-block-list\" start=\"2\">\n<li><strong>Il Responsabile della Protezione dei Dati<\/strong><\/li>\n<\/ol>\n\n\n\n<p class=\"has-small-font-size\">Il Responsabile della Protezione dei Dati, nominato da UOM ai sensi dell'articolo 37 del GDPR, pu\u00f2 essere contattato all'indirizzo email seguente: dpo@cnr.it. Ulteriori informazioni sono disponibili qui: https:\/\/www.cnr.it\/en\/dpo.<\/p>\n\n\n\n<ol class=\"wp-block-list\" start=\"3\">\n<li><strong>Il Responsabile del Trattamento dei Dati<\/strong><\/li>\n<\/ol>\n\n\n\n<p class=\"has-small-font-size\">Il Responsabile del Trattamento dei Dati \u00e8 CNR-ITD con sede in Piazzale Aldo Moro, 7 - 00185 Roma, Italia, indirizzo email: direttore@itd.cnr.it. Il Responsabile della Protezione dei Dati per CNR-ITD pu\u00f2 essere contattato all'indirizzo email seguente: rpd@cnr.it.<\/p>\n\n\n\n<ol class=\"wp-block-list\" start=\"4\">\n<li><strong>Tipi di Dati Personali Trattati<\/strong><\/li>\n<\/ol>\n\n\n\n<p class=\"has-small-font-size\">La registrazione non \u00e8 richiesta per accedere al Sito web. Tuttavia, ci sono servizi sul Sito web per i quali \u00e8 necessario fornire i propri dati (ad esempio, i dati personali potrebbero essere richiesti per rispondere alle vostre richieste e per inviarvi la newsletter del progetto HEDforALL).<\/p>\n\n\n\n<p class=\"has-small-font-size\">Con riferimento ai dati relativi alla navigazione sul Sito web, si prega di notare che vengono utilizzati solo cookie tecnici al solo scopo di consentire una \nnavigazione pi\u00f9 semplice e veloce all'interno del Sito web e di effettuare analisi\/statistiche e controlli anonimi sull'uso del Sito web. Non vengono utilizzati altri cookie (ad esempio, cookie di profilazione e cookie di terze parti) per il corretto funzionamento del Sito web.<\/p>\n\n\n\n<ol class=\"wp-block-list\" start=\"5\">\n<li><strong>Fornitura facoltativa dei dati personali<\/strong><\/li>\n<\/ol>\n\n\n\n<p class=\"has-small-font-size\">La fornitura di dati personali \u00e8 generalmente facoltativa. Solo in alcuni casi, la mancata fornitura di dati personali pu\u00f2 rendere impossibile l'accesso a servizi specifici e ottenere ci\u00f2 che avete richiesto. In particolare, la fornitura del vostro nome e del vostro indirizzo email \u00e8 richiesta per rispondere alle vostre richieste tramite il modulo di contatto (https:\/\/hedforall.eu\/contacts\/) e per iscriversi al servizio di newsletter del progetto HEDforALL. La mancata fornitura di tali dati pu\u00f2 quindi impedire a CNR-ITD di consentirvi di accedere ai servizi specifici del Sito web. I dati necessari sono indicati nel modulo di raccolta dei dati - ad esempio, indicati con un (*).<\/p>\n\n\n\n<ol class=\"wp-block-list\" start=\"6\">\n<li><strong>Finalit\u00e0 e base giuridica del trattamento dei dati<\/strong><\/li>\n<\/ol>\n\n\n\n<p class=\"has-small-font-size\">I dati vengono raccolti e trattati per finalit\u00e0 strettamente correlate all'uso del Sito web e dei suoi servizi. Le finalit\u00e0 del trattamento sono dettagliate nella specifica informativa sulla privacy fornita dal Sito web ogni volta che vi \u00e8 una raccolta di dati. I vostri dati saranno trattati in base alle vostre richieste per gestire i servizi forniti dal Sito web (GDPR - articolo 6, paragrafo 1, lettera a) e b)).<\/p>\n\n\n\n<ol class=\"wp-block-list\" start=\"7\">\n<li><strong>Modalit\u00e0, periodo di trattamento dei dati e comunicazione<\/strong><\/li>\n<\/ol>\n\n\n\n<div class=\"wp-block-group has-global-padding is-layout-constrained wp-block-group-is-layout-constrained\">\n<p class=\"has-small-font-size\">I dati possono essere trattati sia in forma elettronica che cartacea. CNR-ITD garantisce che i dati personali forniti attraverso il Sito web saranno trattati in modo lecito e corretto, in piena conformit\u00e0 con la normativa applicabile, e che i dati forniti durante la registrazione saranno mantenuti strettamente confidenziali. Tutte le informazioni raccolte vengono trasmesse tramite una connessione sicura per impedire l'intercettazione da parte di terzi. Implementiamo misure di sicurezza per garantire la sicurezza del Sito web.<\/p>\n\n\n\n<p class=\"has-small-font-size\">Tutti i dati forniti dagli utenti saranno trattati per il periodo di tempo specificato nella specifica informativa sulla privacy fornita al momento della raccolta dei dati.<\/p>\n\n\n\n<p class=\"has-small-font-size\">Tutti i dati forniti dagli utenti saranno trattati e conservati fino al raggiungimento degli obiettivi del progetto HEDforALL. In particolare, i dati personali degli utenti che vengono trattati e conservati saranno cancellati entro un anno dalla conclusione del progetto HEDforALL. I dati non saranno diffusi e saranno trattati solo da persone espressamente autorizzate al trattamento e identificate da UOM all'interno del progetto HEDforALL.<\/p>\n\n\n\n<p class=\"has-small-font-size\">CNR-ITD gestisce il Sito web e i servizi del Sito web. CNR-ITD tratta i dati personali per finalit\u00e0 strettamente correlate alla fornitura dei servizi.<\/p>\n<\/div>\n\n\n\n<ol class=\"wp-block-list\" start=\"8\">\n<li><strong>Link ad altri siti web<\/strong><\/li>\n<\/ol>\n\n\n\n<p class=\"has-small-font-size\">Queste informazioni sono fornite solo per il sito web https:\/\/hedforall.eu\/ e non per altri siti web che possono essere accessibili tramite un link. CNR-ITD non pu\u00f2 essere ritenuto responsabile dei dati personali forniti dagli utenti a terzi esterni o a qualsiasi sito web collegato a questo Sito web.<\/p>\n\n\n\n<ol class=\"wp-block-list\" start=\"9\">\n<li><strong>Luogo di trattamento dei dati<\/strong><\/li>\n<\/ol>\n\n\n\n<p class=\"has-small-font-size\">Il trattamento dei dati connesso ai servizi forniti dal Sito web viene effettuato: (i) presso la sede di CNR-ITD indicata al punto 1 sopra; e (ii) all'interno dell'Unione Europea da societ\u00e0 che forniscono servizi relativi alla gestione del Sito web.<\/p>\n\n\n\n<ol class=\"wp-block-list\" start=\"10\">\n<li><strong>Diritti degli interessati<\/strong><\/li>\n<\/ol>\n\n\n\n<p class=\"has-small-font-size\">Contattando l'indirizzo email seguente: info@hedforall.eu, l'utente pu\u00f2 esercitare in qualsiasi momento i seguenti diritti (GDPR - articoli 15-22):<\/p>\n\n\n\n<div class=\"wp-block-group has-global-padding is-layout-constrained wp-block-group-is-layout-constrained\">\n<ul class=\"has-small-font-size wp-block-list\">\n<li>Ottenere la conferma che sia o meno in corso il trattamento di dati personali che lo riguardano.<\/li>\n<\/ul>\n\n\n\n<ul class=\"has-small-font-size wp-block-list\">\n<li>Ottenere l'accesso ai propri dati personali e alle informazioni indicate nell'articolo 15 del Regolamento.<\/li>\n<\/ul>\n\n\n\n<ul class=\"has-small-font-size wp-block-list\">\n<li>Ottenere la rettifica dei dati personali inesatti che lo riguardano senza ingiustificato ritardo o l'integrazione dei dati personali incompleti.<\/li>\n\n\n\n<li>Ottenere la cancellazione dei dati personali che lo riguardano senza ingiustificato ritardo.<\/li>\n\n\n\n<li>Ottenere la limitazione del trattamento dei dati personali che lo riguardano.<\/li>\n\n\n\n<li>Essere informato di qualsiasi rettifica o cancellazione o limitazione del trattamento in relazione ai dati personali che lo riguardano.<\/li>\n\n\n\n<li>Ricevere in un formato strutturato, di uso comune e leggibile da dispositivo automatico i dati personali che lo riguardano.<\/li>\n\n\n\n<li>Opporsi in qualsiasi momento, per motivi connessi alla sua situazione particolare, al trattamento dei dati personali che lo riguardano.<\/li>\n<\/ul>\n<\/div>\n\n\n\n<p><strong>10. Proporre reclamo all'Autorit\u00e0 di controllo.<\/strong><\/p>\n\n\n\n<p class=\"has-small-font-size\">Se ritenete che il trattamento dei vostri dati violi il GDPR, potete presentare un reclamo presso l'Autorit\u00e0 di protezione dei dati italiana (https:\/\/www.garanteprivacy.it\/web\/garante-privacy-en), o presso l'Autorit\u00e0 di protezione dei dati dello Stato membro della vostra residenza abituale, del vostro luogo di lavoro o del luogo della presunta violazione.<\/p>\n\n\n\n<ol class=\"wp-block-list\" start=\"11\">\n<li><strong>Legge applicabile<\/strong><\/li>\n<\/ol>\n\n\n\n<p class=\"has-small-font-size\">La presente Informativa sulla Privacy \u00e8 disciplinata dal Regolamento UE 2016\/679, che garantisce che il trattamento dei dati personali sia effettuato nel pieno rispetto dei diritti fondamentali e delle libert\u00e0, nonch\u00e9 della dignit\u00e0 della persona coinvolta con riferimento alla privacy, all'identit\u00e0 personale e al diritto alla protezione dei dati personali.<\/p>\n\n\n\n<ol class=\"wp-block-list\" start=\"12\">\n<li><strong>Clauola di revisione<\/strong><\/li>\n<\/ol>\n\n\n\n<p class=\"has-small-font-size\">CNR-ITD si riserva il diritto di rivedere, modificare o semplicemente aggiornare la presente Informativa sulla Privacy, in tutto o in parte, a sua discrezione, in qualsiasi modo e\/o in qualsiasi momento, senza preavviso, anche per tenere conto delle modifiche alla legge o alle normative in materia di protezione dei dati personali. Gli utenti saranno informati delle modifiche e degli aggiornamenti all'Informativa sulla Privacy tramite (i) l'invio di email agli utenti registrati o (ii) la pubblicazione sulla homepage del Sito web. Qualsiasi modifica sar\u00e0 vincolante non appena pubblicata o comunicata. Si prega di accedere regolarmente a questa sezione per gli aggiornamenti sull'Informativa sulla Privacy o di controllare la propria email.<\/p>","protected":false},"excerpt":{"rendered":"<p>HEDforALL project website Regulation (UE) 679\/2016 General Data Protection Regulations University of Macedonia, as scientific coordinator of the Erasmus+ HEDforALL project, hereby wishes to inform visitors to the https:\/\/hedforall.eu\/ website (hereinafter the \u201cWebsite\u201d) of its personal data protection policy, emphasizing its commitment and attention to protecting the privacy of Website visitors. Please carefully read this&hellip;<\/p>","protected":false},"author":1,"featured_media":0,"parent":0,"menu_order":0,"comment_status":"closed","ping_status":"open","template":"","meta":{"footnotes":""},"class_list":["post-3","page","type-page","status-publish","hentry"],"_links":{"self":[{"href":"https:\/\/hedforall.eu\/it\/wp-json\/wp\/v2\/pages\/3","targetHints":{"allow":["GET"]}}],"collection":[{"href":"https:\/\/hedforall.eu\/it\/wp-json\/wp\/v2\/pages"}],"about":[{"href":"https:\/\/hedforall.eu\/it\/wp-json\/wp\/v2\/types\/page"}],"author":[{"embeddable":true,"href":"https:\/\/hedforall.eu\/it\/wp-json\/wp\/v2\/users\/1"}],"replies":[{"embeddable":true,"href":"https:\/\/hedforall.eu\/it\/wp-json\/wp\/v2\/comments?post=3"}],"version-history":[{"count":4,"href":"https:\/\/hedforall.eu\/it\/wp-json\/wp\/v2\/pages\/3\/revisions"}],"predecessor-version":[{"id":1504,"href":"https:\/\/hedforall.eu\/it\/wp-json\/wp\/v2\/pages\/3\/revisions\/1504"}],"wp:attachment":[{"href":"https:\/\/hedforall.eu\/it\/wp-json\/wp\/v2\/media?parent=3"}],"curies":[{"name":"wp","href":"https:\/\/api.w.org\/{rel}","templated":true}]}}