{"id":562,"date":"2022-08-09T08:35:03","date_gmt":"2022-08-09T06:35:03","guid":{"rendered":"https:\/\/hedforall.eu\/dev\/?page_id=562"},"modified":"2023-07-26T21:06:23","modified_gmt":"2023-07-26T19:06:23","slug":"activities","status":"publish","type":"page","link":"https:\/\/hedforall.eu\/it\/activities\/","title":{"rendered":"Project &#8211; Activities"},"content":{"rendered":"<h2 class=\"wp-block-heading\"><strong>Attivit\u00e0<\/strong><\/h2>\n\n\n\n<figure class=\"wp-block-image aligncenter size-full is-resized\"><img loading=\"lazy\" decoding=\"async\" src=\"https:\/\/hedforall.eu\/dev\/wp-content\/uploads\/2022\/12\/Screenshot-2022-12-07-alle-11.08.21.png\" alt=\"\" class=\"wp-image-1438\" width=\"161\" height=\"161\" srcset=\"https:\/\/hedforall.eu\/wp-content\/uploads\/2022\/12\/Screenshot-2022-12-07-alle-11.08.21.png 170w, https:\/\/hedforall.eu\/wp-content\/uploads\/2022\/12\/Screenshot-2022-12-07-alle-11.08.21-150x150.png 150w, https:\/\/hedforall.eu\/wp-content\/uploads\/2022\/12\/Screenshot-2022-12-07-alle-11.08.21-12x12.png 12w\" sizes=\"auto, (max-width: 161px) 100vw, 161px\" \/><\/figure>\n\n\n\n<hr class=\"wp-block-separator has-alpha-channel-opacity\"\/>\n\n\n\n<p>Per raggiungere gli obiettivi del progetto, saranno forniti 8 risultati e 4 eventi di moltiplicazione.<\/p>\n\n\n\n<p>La prima parte di HEDforALL riguarda la ricerca condotta sugli utenti finali, ovvero SwD, personale docente e consulenti per l'accessibilit\u00e0. Gli studi coinvolgeranno come partecipanti almeno 120 membri del personale docente e consulenti per l'accessibilit\u00e0 (30 consulenti per l'accessibilit\u00e0 e 90 membri del personale docente) degli istituti di istruzione superiore e almeno 100 SwD con disabilit\u00e0 visive, uditive, fisiche\/mobilit\u00e0 e difficolt\u00e0 di apprendimento. Gli studi di ricerca saranno condotti con la partecipazione di diversi gruppi di SwD, in base al tipo di disabilit\u00e0, e indagheranno i loro bisogni in materiali didattici adattati e accessibili riguardanti le diverse materie\/corsi insegnati nell'istruzione superiore e i bisogni loro creati dall' educazione a distanza. Inoltre, si concentrer\u00e0 sulla conoscenza e sull'esperienza che il personale docente e i consulenti per l'accessibilit\u00e0 di SwD hanno, riguardo ai materiali didattici adattati e all'applicazione di DE a SwD, al fine di determinare i loro bisogni di formazione.&nbsp;<\/p>\n\n\n\n<p>La seconda parte del progetto prevede la progettazione e lo sviluppo di materiale didattico adatto e la sua valutazione da parte di SwD in merito a accessibilit\u00e0, usabilit\u00e0 ed efficacia educativa. Inoltre, si concentrer\u00e0 sull'attuazione di corsi pilota di DE e sulla valutazione della loro adeguatezza, soddisfazione e risultati di apprendimento. Inoltre, questa parte prevede lo sviluppo di un repository online di materiale didattico accessibile di diverse materie che funger\u00e0 da unico punto di riferimento per essere utilizzato dagli educatori e da qualsiasi parte interessata.&nbsp;<\/p>\n\n\n\n<p>Infine, la terza parte del progetto prevede l'implementazione di eventi e attivit\u00e0 di moltiplicazione per la condivisione e la promozione dei risultati del progetto. Questa parte del progetto si concentra su sessioni informative\/educative in ciascun paese partner e a livello internazionale di docenti e advisor di accessibilit\u00e0 al fine di costruire capacit\u00e0 e sviluppo professionale sui modi di rendere l'istruzione digitale pi\u00f9 accessibile e inclusiva. Verranno inoltre rafforzate le azioni di condivisione, promozione e attivit\u00e0 di sostenibilit\u00e0, insieme all'impegno mirato ad allineare questo progetto con specifiche iniziative dell'UE per la salvaguardia delle opportunit\u00e0 di apprendimento digitale inclusivo.&nbsp;<\/p>","protected":false},"excerpt":{"rendered":"<p>Activities To achieve the aims of the project\u00a08 project results\u00a0and\u00a04 multiplier events\u00a0will be delivered. The first part of HEDforALL involves research conducted on end users, namely SwD, teaching staff and accessibility advisors. Studies will involve as participants at least 120 members of teaching staff and accessibility advisors (30 accessibility advisors and 90 members of teaching&hellip;<\/p>","protected":false},"author":8,"featured_media":0,"parent":0,"menu_order":0,"comment_status":"closed","ping_status":"closed","template":"","meta":{"footnotes":""},"class_list":["post-562","page","type-page","status-publish","hentry"],"_links":{"self":[{"href":"https:\/\/hedforall.eu\/it\/wp-json\/wp\/v2\/pages\/562","targetHints":{"allow":["GET"]}}],"collection":[{"href":"https:\/\/hedforall.eu\/it\/wp-json\/wp\/v2\/pages"}],"about":[{"href":"https:\/\/hedforall.eu\/it\/wp-json\/wp\/v2\/types\/page"}],"author":[{"embeddable":true,"href":"https:\/\/hedforall.eu\/it\/wp-json\/wp\/v2\/users\/8"}],"replies":[{"embeddable":true,"href":"https:\/\/hedforall.eu\/it\/wp-json\/wp\/v2\/comments?post=562"}],"version-history":[{"count":6,"href":"https:\/\/hedforall.eu\/it\/wp-json\/wp\/v2\/pages\/562\/revisions"}],"predecessor-version":[{"id":1561,"href":"https:\/\/hedforall.eu\/it\/wp-json\/wp\/v2\/pages\/562\/revisions\/1561"}],"wp:attachment":[{"href":"https:\/\/hedforall.eu\/it\/wp-json\/wp\/v2\/media?parent=562"}],"curies":[{"name":"wp","href":"https:\/\/api.w.org\/{rel}","templated":true}]}}